{"id":31290,"date":"2022-01-28T17:03:53","date_gmt":"2022-01-28T17:03:53","guid":{"rendered":"https:\/\/maqtool.pt\/produto\/chaussure-de-securite-liverpool-s3-srb\/"},"modified":"2023-01-05T15:30:05","modified_gmt":"2023-01-05T15:30:05","slug":"chaussure-de-securite-liverpool-s3-srb","status":"publish","type":"product","link":"https:\/\/maqtool.pt\/fr\/produto\/chaussure-de-securite-liverpool-s3-srb\/","title":{"rendered":"Chaussure de s\u00e9curit\u00e9 LIVERPOOL | S3 | SRB"},"content":{"rendered":"<p>Cuir nubuck entre 2,0 et 2,2 mm d&rsquo;\u00e9paisseur et doublure en aniline de vache beige.<br \/>\n<strong>Embout en acier<\/strong> (protection contre les chocs jusqu&rsquo;\u00e0 200 joules DIN EN 12568).<br \/>\n<strong>Semelle<\/strong> int\u00e9rieure anti-perforation et antistatique avec r\u00e9sistance \u00e0 la perforation jusqu&rsquo;\u00e0 1100 Newtons.<br \/>\n<strong>Semelle en polyur\u00e9thane<\/strong>, r\u00e9sistante aux huiles et aux acides, ainsi qu&rsquo;aux temp\u00e9ratures jusqu&rsquo;\u00e0 100\u00ba.<br \/>\n<strong>Largeur : 10<\/strong><\/p>\n","protected":false},"excerpt":{"rendered":"<p>Cuir nubuck entre 2,0 et 2,2 mm d&rsquo;\u00e9paisseur et doublure en aniline de vache beige.<br \/>\n<strong>Embout en acier<\/strong> (protection contre les chocs jusqu&rsquo;\u00e0 200 joules DIN EN 12568).<br \/>\n<strong>Semelle<\/strong> int\u00e9rieure anti-perforation et antistatique avec r\u00e9sistance \u00e0 la perforation jusqu&rsquo;\u00e0 1100 Newtons.<\/p>\n","protected":false},"featured_media":23287,"template":"","meta":{"_eb_attr":"","_uag_custom_page_level_css":"","site-sidebar-layout":"default","site-content-layout":"default","ast-site-content-layout":"default","site-content-style":"default","site-sidebar-style":"default","ast-global-header-display":"","ast-banner-title-visibility":"","ast-main-header-display":"","ast-hfb-above-header-display":"","ast-hfb-below-header-display":"","ast-hfb-mobile-header-display":"","site-post-title":"","ast-breadcrumbs-content":"","ast-featured-img":"","footer-sml-layout":"","ast-disable-related-posts":"","theme-transparent-header-meta":"default","adv-header-id-meta":"","stick-header-meta":"default","header-above-stick-meta":"","header-main-stick-meta":"","header-below-stick-meta":"","astra-migrate-meta-layouts":"default","ast-page-background-enabled":"default","ast-page-background-meta":{"desktop":{"background-color":"","background-image":"","background-repeat":"repeat","background-position":"center center","background-size":"auto","background-attachment":"scroll","background-type":"","background-media":"","overlay-type":"","overlay-color":"","overlay-opacity":"","overlay-gradient":""},"tablet":{"background-color":"","background-image":"","background-repeat":"repeat","background-position":"center center","background-size":"auto","background-attachment":"scroll","background-type":"","background-media":"","overlay-type":"","overlay-color":"","overlay-opacity":"","overlay-gradient":""},"mobile":{"background-color":"","background-image":"","background-repeat":"repeat","background-position":"center center","background-size":"auto","background-attachment":"scroll","background-type":"","background-media":"","overlay-type":"","overlay-color":"","overlay-opacity":"","overlay-gradient":""}},"ast-content-background-meta":{"desktop":{"background-color":"var(--ast-global-color-5)","background-image":"","background-repeat":"repeat","background-position":"center center","background-size":"auto","background-attachment":"scroll","background-type":"","background-media":"","overlay-type":"","overlay-color":"","overlay-opacity":"","overlay-gradient":""},"tablet":{"background-color":"var(--ast-global-color-5)","background-image":"","background-repeat":"repeat","background-position":"center center","background-size":"auto","background-attachment":"scroll","background-type":"","background-media":"","overlay-type":"","overlay-color":"","overlay-opacity":"","overlay-gradient":""},"mobile":{"background-color":"var(--ast-global-color-5)","background-image":"","background-repeat":"repeat","background-position":"center center","background-size":"auto","background-attachment":"scroll","background-type":"","background-media":"","overlay-type":"","overlay-color":"","overlay-opacity":"","overlay-gradient":""}}},"product_brand":[],"product_cat":[5084,5121],"product_tag":[],"class_list":{"0":"post-31290","1":"product","2":"type-product","3":"status-publish","4":"has-post-thumbnail","6":"product_cat-equipement-de-protection","7":"product_cat-chaussures-de-securite","8":"desktop-align-center","9":"tablet-align-center","10":"mobile-align-center","11":"ast-product-gallery-layout-horizontal","12":"ast-product-gallery-with-no-image","13":"ast-product-single-variable","14":"ast-product-tabs-layout-horizontal","16":"first","17":"onbackorder","18":"taxable","19":"shipping-taxable","20":"product-type-variable"},"acf":[],"yoast_head":"<!-- This site is optimized with the Yoast SEO plugin v27.3 - https:\/\/yoast.com\/product\/yoast-seo-wordpress\/ -->\n<title>Chaussure de s\u00e9curit\u00e9 LIVERPOOL | S3 | SRB - MAQTOOL<\/title>\n<meta name=\"robots\" content=\"index, follow, max-snippet:-1, max-image-preview:large, max-video-preview:-1\" \/>\n<link rel=\"canonical\" href=\"https:\/\/maqtool.pt\/fr\/produto\/chaussure-de-securite-liverpool-s3-srb\/\" \/>\n<meta property=\"og:locale\" content=\"fr_FR\" \/>\n<meta property=\"og:type\" content=\"article\" \/>\n<meta property=\"og:title\" content=\"Chaussure de s\u00e9curit\u00e9 LIVERPOOL | S3 | SRB - MAQTOOL\" \/>\n<meta property=\"og:description\" content=\"Cuir nubuck entre 2,0 et 2,2 mm d&#039;\u00e9paisseur et doublure en aniline de vache beige. Embout en acier (protection contre les chocs jusqu&#039;\u00e0 200 joules DIN EN 12568). Semelle int\u00e9rieure anti-perforation et antistatique avec r\u00e9sistance \u00e0 la perforation jusqu&#039;\u00e0 1100 Newtons.\" \/>\n<meta property=\"og:url\" content=\"https:\/\/maqtool.pt\/fr\/produto\/chaussure-de-securite-liverpool-s3-srb\/\" \/>\n<meta property=\"og:site_name\" content=\"MAQTOOL\" \/>\n<meta property=\"article:publisher\" content=\"https:\/\/www.facebook.com\/cobermaster\" \/>\n<meta property=\"article:modified_time\" content=\"2023-01-05T15:30:05+00:00\" \/>\n<meta property=\"og:image\" content=\"https:\/\/maqtool.pt\/wp-content\/uploads\/2022\/01\/CBM8A04.22-Sapato-Liverpool.jpg\" \/>\n\t<meta property=\"og:image:width\" content=\"800\" \/>\n\t<meta property=\"og:image:height\" content=\"800\" \/>\n\t<meta property=\"og:image:type\" content=\"image\/jpeg\" \/>\n<meta name=\"twitter:card\" content=\"summary_large_image\" \/>\n<meta name=\"twitter:label1\" content=\"Dur\u00e9e de lecture estim\u00e9e\" \/>\n\t<meta name=\"twitter:data1\" content=\"1 minute\" \/>\n<script type=\"application\/ld+json\" class=\"yoast-schema-graph\">{\"@context\":\"https:\\\/\\\/schema.org\",\"@graph\":[{\"@type\":\"WebPage\",\"@id\":\"https:\\\/\\\/maqtool.pt\\\/fr\\\/produto\\\/chaussure-de-securite-liverpool-s3-srb\\\/\",\"url\":\"https:\\\/\\\/maqtool.pt\\\/fr\\\/produto\\\/chaussure-de-securite-liverpool-s3-srb\\\/\",\"name\":\"Chaussure de s\u00e9curit\u00e9 LIVERPOOL | S3 | SRB - MAQTOOL\",\"isPartOf\":{\"@id\":\"https:\\\/\\\/maqtool.pt\\\/#website\"},\"primaryImageOfPage\":{\"@id\":\"https:\\\/\\\/maqtool.pt\\\/fr\\\/produto\\\/chaussure-de-securite-liverpool-s3-srb\\\/#primaryimage\"},\"image\":{\"@id\":\"https:\\\/\\\/maqtool.pt\\\/fr\\\/produto\\\/chaussure-de-securite-liverpool-s3-srb\\\/#primaryimage\"},\"thumbnailUrl\":\"https:\\\/\\\/maqtool.pt\\\/wp-content\\\/uploads\\\/2022\\\/01\\\/CBM8A04.22-Sapato-Liverpool.jpg\",\"datePublished\":\"2022-01-28T17:03:53+00:00\",\"dateModified\":\"2023-01-05T15:30:05+00:00\",\"breadcrumb\":{\"@id\":\"https:\\\/\\\/maqtool.pt\\\/fr\\\/produto\\\/chaussure-de-securite-liverpool-s3-srb\\\/#breadcrumb\"},\"inLanguage\":\"fr-FR\",\"potentialAction\":[{\"@type\":\"ReadAction\",\"target\":[\"https:\\\/\\\/maqtool.pt\\\/fr\\\/produto\\\/chaussure-de-securite-liverpool-s3-srb\\\/\"]}]},{\"@type\":\"ImageObject\",\"inLanguage\":\"fr-FR\",\"@id\":\"https:\\\/\\\/maqtool.pt\\\/fr\\\/produto\\\/chaussure-de-securite-liverpool-s3-srb\\\/#primaryimage\",\"url\":\"https:\\\/\\\/maqtool.pt\\\/wp-content\\\/uploads\\\/2022\\\/01\\\/CBM8A04.22-Sapato-Liverpool.jpg\",\"contentUrl\":\"https:\\\/\\\/maqtool.pt\\\/wp-content\\\/uploads\\\/2022\\\/01\\\/CBM8A04.22-Sapato-Liverpool.jpg\",\"width\":800,\"height\":800},{\"@type\":\"BreadcrumbList\",\"@id\":\"https:\\\/\\\/maqtool.pt\\\/fr\\\/produto\\\/chaussure-de-securite-liverpool-s3-srb\\\/#breadcrumb\",\"itemListElement\":[{\"@type\":\"ListItem\",\"position\":1,\"name\":\"In\u00edcio\",\"item\":\"https:\\\/\\\/maqtool.pt\\\/fr\\\/home\\\/\"},{\"@type\":\"ListItem\",\"position\":2,\"name\":\"Produtos\",\"item\":\"https:\\\/\\\/maqtool.pt\\\/produtos\\\/\"},{\"@type\":\"ListItem\",\"position\":3,\"name\":\"Chaussure de s\u00e9curit\u00e9 LIVERPOOL | S3 | SRB\"}]},{\"@type\":\"WebSite\",\"@id\":\"https:\\\/\\\/maqtool.pt\\\/#website\",\"url\":\"https:\\\/\\\/maqtool.pt\\\/\",\"name\":\"Cobermaster Industry\",\"description\":\"\",\"publisher\":{\"@id\":\"https:\\\/\\\/maqtool.pt\\\/#organization\"},\"potentialAction\":[{\"@type\":\"SearchAction\",\"target\":{\"@type\":\"EntryPoint\",\"urlTemplate\":\"https:\\\/\\\/maqtool.pt\\\/?s={search_term_string}\"},\"query-input\":{\"@type\":\"PropertyValueSpecification\",\"valueRequired\":true,\"valueName\":\"search_term_string\"}}],\"inLanguage\":\"fr-FR\"},{\"@type\":\"Organization\",\"@id\":\"https:\\\/\\\/maqtool.pt\\\/#organization\",\"name\":\"MAQTOOL\",\"url\":\"https:\\\/\\\/maqtool.pt\\\/\",\"logo\":{\"@type\":\"ImageObject\",\"inLanguage\":\"fr-FR\",\"@id\":\"https:\\\/\\\/maqtool.pt\\\/#\\\/schema\\\/logo\\\/image\\\/\",\"url\":\"https:\\\/\\\/maqtool.pt\\\/wp-content\\\/uploads\\\/2022\\\/09\\\/MAQTOOL-LOGO.jpg\",\"contentUrl\":\"https:\\\/\\\/maqtool.pt\\\/wp-content\\\/uploads\\\/2022\\\/09\\\/MAQTOOL-LOGO.jpg\",\"width\":762,\"height\":228,\"caption\":\"MAQTOOL\"},\"image\":{\"@id\":\"https:\\\/\\\/maqtool.pt\\\/#\\\/schema\\\/logo\\\/image\\\/\"},\"sameAs\":[\"https:\\\/\\\/www.facebook.com\\\/cobermaster\"]}]}<\/script>\n<!-- \/ Yoast SEO plugin. -->","yoast_head_json":{"title":"Chaussure de s\u00e9curit\u00e9 LIVERPOOL | S3 | SRB - MAQTOOL","robots":{"index":"index","follow":"follow","max-snippet":"max-snippet:-1","max-image-preview":"max-image-preview:large","max-video-preview":"max-video-preview:-1"},"canonical":"https:\/\/maqtool.pt\/fr\/produto\/chaussure-de-securite-liverpool-s3-srb\/","og_locale":"fr_FR","og_type":"article","og_title":"Chaussure de s\u00e9curit\u00e9 LIVERPOOL | S3 | SRB - MAQTOOL","og_description":"Cuir nubuck entre 2,0 et 2,2 mm d'\u00e9paisseur et doublure en aniline de vache beige. Embout en acier (protection contre les chocs jusqu'\u00e0 200 joules DIN EN 12568). Semelle int\u00e9rieure anti-perforation et antistatique avec r\u00e9sistance \u00e0 la perforation jusqu'\u00e0 1100 Newtons.","og_url":"https:\/\/maqtool.pt\/fr\/produto\/chaussure-de-securite-liverpool-s3-srb\/","og_site_name":"MAQTOOL","article_publisher":"https:\/\/www.facebook.com\/cobermaster","article_modified_time":"2023-01-05T15:30:05+00:00","og_image":[{"width":800,"height":800,"url":"https:\/\/maqtool.pt\/wp-content\/uploads\/2022\/01\/CBM8A04.22-Sapato-Liverpool.jpg","type":"image\/jpeg"}],"twitter_card":"summary_large_image","twitter_misc":{"Dur\u00e9e de lecture estim\u00e9e":"1 minute"},"schema":{"@context":"https:\/\/schema.org","@graph":[{"@type":"WebPage","@id":"https:\/\/maqtool.pt\/fr\/produto\/chaussure-de-securite-liverpool-s3-srb\/","url":"https:\/\/maqtool.pt\/fr\/produto\/chaussure-de-securite-liverpool-s3-srb\/","name":"Chaussure de s\u00e9curit\u00e9 LIVERPOOL | S3 | SRB - MAQTOOL","isPartOf":{"@id":"https:\/\/maqtool.pt\/#website"},"primaryImageOfPage":{"@id":"https:\/\/maqtool.pt\/fr\/produto\/chaussure-de-securite-liverpool-s3-srb\/#primaryimage"},"image":{"@id":"https:\/\/maqtool.pt\/fr\/produto\/chaussure-de-securite-liverpool-s3-srb\/#primaryimage"},"thumbnailUrl":"https:\/\/maqtool.pt\/wp-content\/uploads\/2022\/01\/CBM8A04.22-Sapato-Liverpool.jpg","datePublished":"2022-01-28T17:03:53+00:00","dateModified":"2023-01-05T15:30:05+00:00","breadcrumb":{"@id":"https:\/\/maqtool.pt\/fr\/produto\/chaussure-de-securite-liverpool-s3-srb\/#breadcrumb"},"inLanguage":"fr-FR","potentialAction":[{"@type":"ReadAction","target":["https:\/\/maqtool.pt\/fr\/produto\/chaussure-de-securite-liverpool-s3-srb\/"]}]},{"@type":"ImageObject","inLanguage":"fr-FR","@id":"https:\/\/maqtool.pt\/fr\/produto\/chaussure-de-securite-liverpool-s3-srb\/#primaryimage","url":"https:\/\/maqtool.pt\/wp-content\/uploads\/2022\/01\/CBM8A04.22-Sapato-Liverpool.jpg","contentUrl":"https:\/\/maqtool.pt\/wp-content\/uploads\/2022\/01\/CBM8A04.22-Sapato-Liverpool.jpg","width":800,"height":800},{"@type":"BreadcrumbList","@id":"https:\/\/maqtool.pt\/fr\/produto\/chaussure-de-securite-liverpool-s3-srb\/#breadcrumb","itemListElement":[{"@type":"ListItem","position":1,"name":"In\u00edcio","item":"https:\/\/maqtool.pt\/fr\/home\/"},{"@type":"ListItem","position":2,"name":"Produtos","item":"https:\/\/maqtool.pt\/produtos\/"},{"@type":"ListItem","position":3,"name":"Chaussure de s\u00e9curit\u00e9 LIVERPOOL | S3 | SRB"}]},{"@type":"WebSite","@id":"https:\/\/maqtool.pt\/#website","url":"https:\/\/maqtool.pt\/","name":"Cobermaster Industry","description":"","publisher":{"@id":"https:\/\/maqtool.pt\/#organization"},"potentialAction":[{"@type":"SearchAction","target":{"@type":"EntryPoint","urlTemplate":"https:\/\/maqtool.pt\/?s={search_term_string}"},"query-input":{"@type":"PropertyValueSpecification","valueRequired":true,"valueName":"search_term_string"}}],"inLanguage":"fr-FR"},{"@type":"Organization","@id":"https:\/\/maqtool.pt\/#organization","name":"MAQTOOL","url":"https:\/\/maqtool.pt\/","logo":{"@type":"ImageObject","inLanguage":"fr-FR","@id":"https:\/\/maqtool.pt\/#\/schema\/logo\/image\/","url":"https:\/\/maqtool.pt\/wp-content\/uploads\/2022\/09\/MAQTOOL-LOGO.jpg","contentUrl":"https:\/\/maqtool.pt\/wp-content\/uploads\/2022\/09\/MAQTOOL-LOGO.jpg","width":762,"height":228,"caption":"MAQTOOL"},"image":{"@id":"https:\/\/maqtool.pt\/#\/schema\/logo\/image\/"},"sameAs":["https:\/\/www.facebook.com\/cobermaster"]}]}},"uagb_featured_image_src":{"full":["https:\/\/maqtool.pt\/wp-content\/uploads\/2022\/01\/CBM8A04.22-Sapato-Liverpool.jpg",800,800,false],"thumbnail":["https:\/\/maqtool.pt\/wp-content\/uploads\/2022\/01\/CBM8A04.22-Sapato-Liverpool-150x150.jpg",150,150,true],"medium":["https:\/\/maqtool.pt\/wp-content\/uploads\/2022\/01\/CBM8A04.22-Sapato-Liverpool-300x300.jpg",300,300,true],"medium_large":["https:\/\/maqtool.pt\/wp-content\/uploads\/2022\/01\/CBM8A04.22-Sapato-Liverpool-768x768.jpg",768,768,true],"large":["https:\/\/maqtool.pt\/wp-content\/uploads\/2022\/01\/CBM8A04.22-Sapato-Liverpool.jpg",800,800,false],"1536x1536":["https:\/\/maqtool.pt\/wp-content\/uploads\/2022\/01\/CBM8A04.22-Sapato-Liverpool.jpg",800,800,false],"2048x2048":["https:\/\/maqtool.pt\/wp-content\/uploads\/2022\/01\/CBM8A04.22-Sapato-Liverpool.jpg",800,800,false],"woocommerce_thumbnail":["https:\/\/maqtool.pt\/wp-content\/uploads\/2022\/01\/CBM8A04.22-Sapato-Liverpool-400x400.jpg",400,400,true],"woocommerce_single":["https:\/\/maqtool.pt\/wp-content\/uploads\/2022\/01\/CBM8A04.22-Sapato-Liverpool-600x600.jpg",600,600,true],"woocommerce_gallery_thumbnail":["https:\/\/maqtool.pt\/wp-content\/uploads\/2022\/01\/CBM8A04.22-Sapato-Liverpool-100x100.jpg",100,100,true]},"uagb_author_info":{"display_name":"Jo\u00e3o Santos","author_link":"https:\/\/maqtool.pt\/fr\/author\/"},"uagb_comment_info":0,"uagb_excerpt":"Cuir nubuck entre 2,0 et 2,2 mm d'\u00e9paisseur et doublure en aniline de vache beige. Embout en acier (protection contre les chocs jusqu'\u00e0 200 joules DIN EN 12568). Semelle int\u00e9rieure anti-perforation et antistatique avec r\u00e9sistance \u00e0 la perforation jusqu'\u00e0 1100 Newtons.","_links":{"self":[{"href":"https:\/\/maqtool.pt\/fr\/wp-json\/wp\/v2\/product\/31290","targetHints":{"allow":["GET"]}}],"collection":[{"href":"https:\/\/maqtool.pt\/fr\/wp-json\/wp\/v2\/product"}],"about":[{"href":"https:\/\/maqtool.pt\/fr\/wp-json\/wp\/v2\/types\/product"}],"wp:featuredmedia":[{"embeddable":true,"href":"https:\/\/maqtool.pt\/fr\/wp-json\/wp\/v2\/media\/23287"}],"wp:attachment":[{"href":"https:\/\/maqtool.pt\/fr\/wp-json\/wp\/v2\/media?parent=31290"}],"wp:term":[{"taxonomy":"product_brand","embeddable":true,"href":"https:\/\/maqtool.pt\/fr\/wp-json\/wp\/v2\/product_brand?post=31290"},{"taxonomy":"product_cat","embeddable":true,"href":"https:\/\/maqtool.pt\/fr\/wp-json\/wp\/v2\/product_cat?post=31290"},{"taxonomy":"product_tag","embeddable":true,"href":"https:\/\/maqtool.pt\/fr\/wp-json\/wp\/v2\/product_tag?post=31290"}],"curies":[{"name":"wp","href":"https:\/\/api.w.org\/{rel}","templated":true}]}}