{"id":31595,"date":"2022-01-28T11:55:04","date_gmt":"2022-01-28T11:55:04","guid":{"rendered":"https:\/\/maqtool.pt\/produto\/chaussure-de-securite-x-co2-s3-src-hro\/"},"modified":"2023-01-06T09:54:41","modified_gmt":"2023-01-06T09:54:41","slug":"chaussure-de-securite-x-co2-s3-src-hro","status":"publish","type":"product","link":"https:\/\/maqtool.pt\/fr\/produto\/chaussure-de-securite-x-co2-s3-src-hro\/","title":{"rendered":"Chaussure de S\u00e9curit\u00e9 X-CO2 | S3 | SRC | HRO"},"content":{"rendered":"<p>Microfibre grise Mat\u00e9riau innovant compos\u00e9 de fibres de polyester, r\u00e9sistant \u00e0 l&rsquo;eau et tr\u00e8s durable. Permet une respiration naturelle tout en \u00e9tant un mat\u00e9riau respectueux des animaux.<br \/>\n<strong>Embout en aluminium<\/strong> (200 J selon DIN EN 12568)<br \/>\n<strong>Q-Flex<\/strong> : semelle anti-perforation non m\u00e9tallique, r\u00e9sistance jusqu&rsquo;\u00e0 1100 Newton.<br \/>\n<strong>Semelle<\/strong> Eva Safety, ultra-l\u00e9g\u00e8re et extr\u00eamement flexible, avec une r\u00e9sistance \u00e0 la chaleur sup\u00e9rieure \u00e0 la moyenne et un niveau antid\u00e9rapant.<br \/>\n<strong>Semelle int\u00e9rieure<\/strong> BIO ACTIVE \u00a0\u00bbBIORELAX\u00a0\u00bb &#8211; 100% respirante, carbone active, antibact\u00e9rienne, absorbant les chocs, antistatique et \u00e9cologique.<br \/>\nHRO S3 SRC<br \/>\n<strong>Largeur 10<\/strong><br \/>\n<strong>Tailles<\/strong> : 35 \u2013 48<\/p>\n","protected":false},"excerpt":{"rendered":"<p>Microfibre grise Mat\u00e9riau innovant compos\u00e9 de fibres de polyester, r\u00e9sistant \u00e0 l&rsquo;eau et tr\u00e8s durable. Permet une respiration naturelle tout en \u00e9tant un mat\u00e9riau respectueux des animaux.<br \/>\n<strong>Embout en aluminium<\/strong> (200 J selon DIN EN 12568)<br \/>\n<strong>Q-Flex<\/strong> : semelle anti-perforation non m\u00e9tallique, r\u00e9sistance jusqu&rsquo;\u00e0 1100 Newton.<\/p>\n","protected":false},"featured_media":23083,"template":"","meta":{"_eb_attr":"","_uag_custom_page_level_css":"","site-sidebar-layout":"default","site-content-layout":"default","ast-site-content-layout":"default","site-content-style":"default","site-sidebar-style":"default","ast-global-header-display":"","ast-banner-title-visibility":"","ast-main-header-display":"","ast-hfb-above-header-display":"","ast-hfb-below-header-display":"","ast-hfb-mobile-header-display":"","site-post-title":"","ast-breadcrumbs-content":"","ast-featured-img":"","footer-sml-layout":"","ast-disable-related-posts":"","theme-transparent-header-meta":"default","adv-header-id-meta":"","stick-header-meta":"default","header-above-stick-meta":"","header-main-stick-meta":"","header-below-stick-meta":"","astra-migrate-meta-layouts":"default","ast-page-background-enabled":"default","ast-page-background-meta":{"desktop":{"background-color":"","background-image":"","background-repeat":"repeat","background-position":"center center","background-size":"auto","background-attachment":"scroll","background-type":"","background-media":"","overlay-type":"","overlay-color":"","overlay-opacity":"","overlay-gradient":""},"tablet":{"background-color":"","background-image":"","background-repeat":"repeat","background-position":"center center","background-size":"auto","background-attachment":"scroll","background-type":"","background-media":"","overlay-type":"","overlay-color":"","overlay-opacity":"","overlay-gradient":""},"mobile":{"background-color":"","background-image":"","background-repeat":"repeat","background-position":"center center","background-size":"auto","background-attachment":"scroll","background-type":"","background-media":"","overlay-type":"","overlay-color":"","overlay-opacity":"","overlay-gradient":""}},"ast-content-background-meta":{"desktop":{"background-color":"var(--ast-global-color-5)","background-image":"","background-repeat":"repeat","background-position":"center center","background-size":"auto","background-attachment":"scroll","background-type":"","background-media":"","overlay-type":"","overlay-color":"","overlay-opacity":"","overlay-gradient":""},"tablet":{"background-color":"var(--ast-global-color-5)","background-image":"","background-repeat":"repeat","background-position":"center center","background-size":"auto","background-attachment":"scroll","background-type":"","background-media":"","overlay-type":"","overlay-color":"","overlay-opacity":"","overlay-gradient":""},"mobile":{"background-color":"var(--ast-global-color-5)","background-image":"","background-repeat":"repeat","background-position":"center center","background-size":"auto","background-attachment":"scroll","background-type":"","background-media":"","overlay-type":"","overlay-color":"","overlay-opacity":"","overlay-gradient":""}}},"product_brand":[],"product_cat":[5084,5121],"product_tag":[],"class_list":{"0":"post-31595","1":"product","2":"type-product","3":"status-publish","4":"has-post-thumbnail","6":"product_cat-equipement-de-protection","7":"product_cat-chaussures-de-securite","8":"desktop-align-center","9":"tablet-align-center","10":"mobile-align-center","11":"ast-product-gallery-layout-horizontal","12":"ast-product-gallery-with-no-image","13":"ast-product-single-variable","14":"ast-product-tabs-layout-horizontal","16":"first","17":"onbackorder","18":"taxable","19":"shipping-taxable","20":"product-type-variable"},"acf":[],"yoast_head":"<!-- This site is optimized with the Yoast SEO plugin v27.3 - https:\/\/yoast.com\/product\/yoast-seo-wordpress\/ -->\n<title>Chaussure de S\u00e9curit\u00e9 X-CO2 | S3 | SRC | HRO - MAQTOOL<\/title>\n<meta name=\"robots\" content=\"index, follow, max-snippet:-1, max-image-preview:large, max-video-preview:-1\" \/>\n<link rel=\"canonical\" href=\"https:\/\/maqtool.pt\/fr\/produto\/chaussure-de-securite-x-co2-s3-src-hro\/\" \/>\n<meta property=\"og:locale\" content=\"fr_FR\" \/>\n<meta property=\"og:type\" content=\"article\" \/>\n<meta property=\"og:title\" content=\"Chaussure de S\u00e9curit\u00e9 X-CO2 | S3 | SRC | HRO - MAQTOOL\" \/>\n<meta property=\"og:description\" content=\"Microfibre grise Mat\u00e9riau innovant compos\u00e9 de fibres de polyester, r\u00e9sistant \u00e0 l&#039;eau et tr\u00e8s durable. Permet une respiration naturelle tout en \u00e9tant un mat\u00e9riau respectueux des animaux. Embout en aluminium (200 J selon DIN EN 12568) Q-Flex : semelle anti-perforation non m\u00e9tallique, r\u00e9sistance jusqu&#039;\u00e0 1100 Newton.\" \/>\n<meta property=\"og:url\" content=\"https:\/\/maqtool.pt\/fr\/produto\/chaussure-de-securite-x-co2-s3-src-hro\/\" \/>\n<meta property=\"og:site_name\" content=\"MAQTOOL\" \/>\n<meta property=\"article:publisher\" content=\"https:\/\/www.facebook.com\/cobermaster\" \/>\n<meta property=\"article:modified_time\" content=\"2023-01-06T09:54:41+00:00\" \/>\n<meta property=\"og:image\" content=\"https:\/\/maqtool.pt\/wp-content\/uploads\/2022\/01\/CBM8A0121-Sapato-X-CO2.jpg\" \/>\n\t<meta property=\"og:image:width\" content=\"800\" \/>\n\t<meta property=\"og:image:height\" content=\"800\" \/>\n\t<meta property=\"og:image:type\" content=\"image\/jpeg\" \/>\n<meta name=\"twitter:card\" content=\"summary_large_image\" \/>\n<meta name=\"twitter:label1\" content=\"Dur\u00e9e de lecture estim\u00e9e\" \/>\n\t<meta name=\"twitter:data1\" content=\"1 minute\" \/>\n<script type=\"application\/ld+json\" class=\"yoast-schema-graph\">{\"@context\":\"https:\\\/\\\/schema.org\",\"@graph\":[{\"@type\":\"WebPage\",\"@id\":\"https:\\\/\\\/maqtool.pt\\\/fr\\\/produto\\\/chaussure-de-securite-x-co2-s3-src-hro\\\/\",\"url\":\"https:\\\/\\\/maqtool.pt\\\/fr\\\/produto\\\/chaussure-de-securite-x-co2-s3-src-hro\\\/\",\"name\":\"Chaussure de S\u00e9curit\u00e9 X-CO2 | S3 | SRC | HRO - MAQTOOL\",\"isPartOf\":{\"@id\":\"https:\\\/\\\/maqtool.pt\\\/#website\"},\"primaryImageOfPage\":{\"@id\":\"https:\\\/\\\/maqtool.pt\\\/fr\\\/produto\\\/chaussure-de-securite-x-co2-s3-src-hro\\\/#primaryimage\"},\"image\":{\"@id\":\"https:\\\/\\\/maqtool.pt\\\/fr\\\/produto\\\/chaussure-de-securite-x-co2-s3-src-hro\\\/#primaryimage\"},\"thumbnailUrl\":\"https:\\\/\\\/maqtool.pt\\\/wp-content\\\/uploads\\\/2022\\\/01\\\/CBM8A0121-Sapato-X-CO2.jpg\",\"datePublished\":\"2022-01-28T11:55:04+00:00\",\"dateModified\":\"2023-01-06T09:54:41+00:00\",\"breadcrumb\":{\"@id\":\"https:\\\/\\\/maqtool.pt\\\/fr\\\/produto\\\/chaussure-de-securite-x-co2-s3-src-hro\\\/#breadcrumb\"},\"inLanguage\":\"fr-FR\",\"potentialAction\":[{\"@type\":\"ReadAction\",\"target\":[\"https:\\\/\\\/maqtool.pt\\\/fr\\\/produto\\\/chaussure-de-securite-x-co2-s3-src-hro\\\/\"]}]},{\"@type\":\"ImageObject\",\"inLanguage\":\"fr-FR\",\"@id\":\"https:\\\/\\\/maqtool.pt\\\/fr\\\/produto\\\/chaussure-de-securite-x-co2-s3-src-hro\\\/#primaryimage\",\"url\":\"https:\\\/\\\/maqtool.pt\\\/wp-content\\\/uploads\\\/2022\\\/01\\\/CBM8A0121-Sapato-X-CO2.jpg\",\"contentUrl\":\"https:\\\/\\\/maqtool.pt\\\/wp-content\\\/uploads\\\/2022\\\/01\\\/CBM8A0121-Sapato-X-CO2.jpg\",\"width\":800,\"height\":800},{\"@type\":\"BreadcrumbList\",\"@id\":\"https:\\\/\\\/maqtool.pt\\\/fr\\\/produto\\\/chaussure-de-securite-x-co2-s3-src-hro\\\/#breadcrumb\",\"itemListElement\":[{\"@type\":\"ListItem\",\"position\":1,\"name\":\"In\u00edcio\",\"item\":\"https:\\\/\\\/maqtool.pt\\\/fr\\\/home\\\/\"},{\"@type\":\"ListItem\",\"position\":2,\"name\":\"Produtos\",\"item\":\"https:\\\/\\\/maqtool.pt\\\/produtos\\\/\"},{\"@type\":\"ListItem\",\"position\":3,\"name\":\"Chaussure de S\u00e9curit\u00e9 X-CO2 | S3 | SRC | HRO\"}]},{\"@type\":\"WebSite\",\"@id\":\"https:\\\/\\\/maqtool.pt\\\/#website\",\"url\":\"https:\\\/\\\/maqtool.pt\\\/\",\"name\":\"Cobermaster Industry\",\"description\":\"\",\"publisher\":{\"@id\":\"https:\\\/\\\/maqtool.pt\\\/#organization\"},\"potentialAction\":[{\"@type\":\"SearchAction\",\"target\":{\"@type\":\"EntryPoint\",\"urlTemplate\":\"https:\\\/\\\/maqtool.pt\\\/?s={search_term_string}\"},\"query-input\":{\"@type\":\"PropertyValueSpecification\",\"valueRequired\":true,\"valueName\":\"search_term_string\"}}],\"inLanguage\":\"fr-FR\"},{\"@type\":\"Organization\",\"@id\":\"https:\\\/\\\/maqtool.pt\\\/#organization\",\"name\":\"MAQTOOL\",\"url\":\"https:\\\/\\\/maqtool.pt\\\/\",\"logo\":{\"@type\":\"ImageObject\",\"inLanguage\":\"fr-FR\",\"@id\":\"https:\\\/\\\/maqtool.pt\\\/#\\\/schema\\\/logo\\\/image\\\/\",\"url\":\"https:\\\/\\\/maqtool.pt\\\/wp-content\\\/uploads\\\/2022\\\/09\\\/MAQTOOL-LOGO.jpg\",\"contentUrl\":\"https:\\\/\\\/maqtool.pt\\\/wp-content\\\/uploads\\\/2022\\\/09\\\/MAQTOOL-LOGO.jpg\",\"width\":762,\"height\":228,\"caption\":\"MAQTOOL\"},\"image\":{\"@id\":\"https:\\\/\\\/maqtool.pt\\\/#\\\/schema\\\/logo\\\/image\\\/\"},\"sameAs\":[\"https:\\\/\\\/www.facebook.com\\\/cobermaster\"]}]}<\/script>\n<!-- \/ Yoast SEO plugin. -->","yoast_head_json":{"title":"Chaussure de S\u00e9curit\u00e9 X-CO2 | S3 | SRC | HRO - MAQTOOL","robots":{"index":"index","follow":"follow","max-snippet":"max-snippet:-1","max-image-preview":"max-image-preview:large","max-video-preview":"max-video-preview:-1"},"canonical":"https:\/\/maqtool.pt\/fr\/produto\/chaussure-de-securite-x-co2-s3-src-hro\/","og_locale":"fr_FR","og_type":"article","og_title":"Chaussure de S\u00e9curit\u00e9 X-CO2 | S3 | SRC | HRO - MAQTOOL","og_description":"Microfibre grise Mat\u00e9riau innovant compos\u00e9 de fibres de polyester, r\u00e9sistant \u00e0 l'eau et tr\u00e8s durable. Permet une respiration naturelle tout en \u00e9tant un mat\u00e9riau respectueux des animaux. Embout en aluminium (200 J selon DIN EN 12568) Q-Flex : semelle anti-perforation non m\u00e9tallique, r\u00e9sistance jusqu'\u00e0 1100 Newton.","og_url":"https:\/\/maqtool.pt\/fr\/produto\/chaussure-de-securite-x-co2-s3-src-hro\/","og_site_name":"MAQTOOL","article_publisher":"https:\/\/www.facebook.com\/cobermaster","article_modified_time":"2023-01-06T09:54:41+00:00","og_image":[{"width":800,"height":800,"url":"https:\/\/maqtool.pt\/wp-content\/uploads\/2022\/01\/CBM8A0121-Sapato-X-CO2.jpg","type":"image\/jpeg"}],"twitter_card":"summary_large_image","twitter_misc":{"Dur\u00e9e de lecture estim\u00e9e":"1 minute"},"schema":{"@context":"https:\/\/schema.org","@graph":[{"@type":"WebPage","@id":"https:\/\/maqtool.pt\/fr\/produto\/chaussure-de-securite-x-co2-s3-src-hro\/","url":"https:\/\/maqtool.pt\/fr\/produto\/chaussure-de-securite-x-co2-s3-src-hro\/","name":"Chaussure de S\u00e9curit\u00e9 X-CO2 | S3 | SRC | HRO - MAQTOOL","isPartOf":{"@id":"https:\/\/maqtool.pt\/#website"},"primaryImageOfPage":{"@id":"https:\/\/maqtool.pt\/fr\/produto\/chaussure-de-securite-x-co2-s3-src-hro\/#primaryimage"},"image":{"@id":"https:\/\/maqtool.pt\/fr\/produto\/chaussure-de-securite-x-co2-s3-src-hro\/#primaryimage"},"thumbnailUrl":"https:\/\/maqtool.pt\/wp-content\/uploads\/2022\/01\/CBM8A0121-Sapato-X-CO2.jpg","datePublished":"2022-01-28T11:55:04+00:00","dateModified":"2023-01-06T09:54:41+00:00","breadcrumb":{"@id":"https:\/\/maqtool.pt\/fr\/produto\/chaussure-de-securite-x-co2-s3-src-hro\/#breadcrumb"},"inLanguage":"fr-FR","potentialAction":[{"@type":"ReadAction","target":["https:\/\/maqtool.pt\/fr\/produto\/chaussure-de-securite-x-co2-s3-src-hro\/"]}]},{"@type":"ImageObject","inLanguage":"fr-FR","@id":"https:\/\/maqtool.pt\/fr\/produto\/chaussure-de-securite-x-co2-s3-src-hro\/#primaryimage","url":"https:\/\/maqtool.pt\/wp-content\/uploads\/2022\/01\/CBM8A0121-Sapato-X-CO2.jpg","contentUrl":"https:\/\/maqtool.pt\/wp-content\/uploads\/2022\/01\/CBM8A0121-Sapato-X-CO2.jpg","width":800,"height":800},{"@type":"BreadcrumbList","@id":"https:\/\/maqtool.pt\/fr\/produto\/chaussure-de-securite-x-co2-s3-src-hro\/#breadcrumb","itemListElement":[{"@type":"ListItem","position":1,"name":"In\u00edcio","item":"https:\/\/maqtool.pt\/fr\/home\/"},{"@type":"ListItem","position":2,"name":"Produtos","item":"https:\/\/maqtool.pt\/produtos\/"},{"@type":"ListItem","position":3,"name":"Chaussure de S\u00e9curit\u00e9 X-CO2 | S3 | SRC | HRO"}]},{"@type":"WebSite","@id":"https:\/\/maqtool.pt\/#website","url":"https:\/\/maqtool.pt\/","name":"Cobermaster Industry","description":"","publisher":{"@id":"https:\/\/maqtool.pt\/#organization"},"potentialAction":[{"@type":"SearchAction","target":{"@type":"EntryPoint","urlTemplate":"https:\/\/maqtool.pt\/?s={search_term_string}"},"query-input":{"@type":"PropertyValueSpecification","valueRequired":true,"valueName":"search_term_string"}}],"inLanguage":"fr-FR"},{"@type":"Organization","@id":"https:\/\/maqtool.pt\/#organization","name":"MAQTOOL","url":"https:\/\/maqtool.pt\/","logo":{"@type":"ImageObject","inLanguage":"fr-FR","@id":"https:\/\/maqtool.pt\/#\/schema\/logo\/image\/","url":"https:\/\/maqtool.pt\/wp-content\/uploads\/2022\/09\/MAQTOOL-LOGO.jpg","contentUrl":"https:\/\/maqtool.pt\/wp-content\/uploads\/2022\/09\/MAQTOOL-LOGO.jpg","width":762,"height":228,"caption":"MAQTOOL"},"image":{"@id":"https:\/\/maqtool.pt\/#\/schema\/logo\/image\/"},"sameAs":["https:\/\/www.facebook.com\/cobermaster"]}]}},"uagb_featured_image_src":{"full":["https:\/\/maqtool.pt\/wp-content\/uploads\/2022\/01\/CBM8A0121-Sapato-X-CO2.jpg",800,800,false],"thumbnail":["https:\/\/maqtool.pt\/wp-content\/uploads\/2022\/01\/CBM8A0121-Sapato-X-CO2-150x150.jpg",150,150,true],"medium":["https:\/\/maqtool.pt\/wp-content\/uploads\/2022\/01\/CBM8A0121-Sapato-X-CO2-300x300.jpg",300,300,true],"medium_large":["https:\/\/maqtool.pt\/wp-content\/uploads\/2022\/01\/CBM8A0121-Sapato-X-CO2-768x768.jpg",768,768,true],"large":["https:\/\/maqtool.pt\/wp-content\/uploads\/2022\/01\/CBM8A0121-Sapato-X-CO2.jpg",800,800,false],"1536x1536":["https:\/\/maqtool.pt\/wp-content\/uploads\/2022\/01\/CBM8A0121-Sapato-X-CO2.jpg",800,800,false],"2048x2048":["https:\/\/maqtool.pt\/wp-content\/uploads\/2022\/01\/CBM8A0121-Sapato-X-CO2.jpg",800,800,false],"woocommerce_thumbnail":["https:\/\/maqtool.pt\/wp-content\/uploads\/2022\/01\/CBM8A0121-Sapato-X-CO2-400x400.jpg",400,400,true],"woocommerce_single":["https:\/\/maqtool.pt\/wp-content\/uploads\/2022\/01\/CBM8A0121-Sapato-X-CO2-600x600.jpg",600,600,true],"woocommerce_gallery_thumbnail":["https:\/\/maqtool.pt\/wp-content\/uploads\/2022\/01\/CBM8A0121-Sapato-X-CO2-100x100.jpg",100,100,true]},"uagb_author_info":{"display_name":"Jo\u00e3o Santos","author_link":"https:\/\/maqtool.pt\/fr\/author\/"},"uagb_comment_info":0,"uagb_excerpt":"Microfibre grise Mat\u00e9riau innovant compos\u00e9 de fibres de polyester, r\u00e9sistant \u00e0 l'eau et tr\u00e8s durable. Permet une respiration naturelle tout en \u00e9tant un mat\u00e9riau respectueux des animaux. Embout en aluminium (200 J selon DIN EN 12568) Q-Flex : semelle anti-perforation non m\u00e9tallique, r\u00e9sistance jusqu'\u00e0 1100 Newton.","_links":{"self":[{"href":"https:\/\/maqtool.pt\/fr\/wp-json\/wp\/v2\/product\/31595","targetHints":{"allow":["GET"]}}],"collection":[{"href":"https:\/\/maqtool.pt\/fr\/wp-json\/wp\/v2\/product"}],"about":[{"href":"https:\/\/maqtool.pt\/fr\/wp-json\/wp\/v2\/types\/product"}],"wp:featuredmedia":[{"embeddable":true,"href":"https:\/\/maqtool.pt\/fr\/wp-json\/wp\/v2\/media\/23083"}],"wp:attachment":[{"href":"https:\/\/maqtool.pt\/fr\/wp-json\/wp\/v2\/media?parent=31595"}],"wp:term":[{"taxonomy":"product_brand","embeddable":true,"href":"https:\/\/maqtool.pt\/fr\/wp-json\/wp\/v2\/product_brand?post=31595"},{"taxonomy":"product_cat","embeddable":true,"href":"https:\/\/maqtool.pt\/fr\/wp-json\/wp\/v2\/product_cat?post=31595"},{"taxonomy":"product_tag","embeddable":true,"href":"https:\/\/maqtool.pt\/fr\/wp-json\/wp\/v2\/product_tag?post=31595"}],"curies":[{"name":"wp","href":"https:\/\/api.w.org\/{rel}","templated":true}]}}