{"id":32100,"date":"2023-05-30T13:40:51","date_gmt":"2023-05-30T13:40:51","guid":{"rendered":"https:\/\/maqtool.pt\/?post_type=product&#038;p=32100"},"modified":"2024-05-07T14:36:58","modified_gmt":"2024-05-07T14:36:58","slug":"rebarbadora-gws-22-230j","status":"publish","type":"product","link":"https:\/\/maqtool.pt\/fr\/produto\/rebarbadora-gws-22-230j\/","title":{"rendered":"Rebarbadora GWS 22-230J"},"content":{"rendered":"<table class=\"table\">\n<tbody>\n<tr>\n<td>Pot\u00eancia de entrada nominal<\/td>\n<td>2.200 W<\/td>\n<\/tr>\n<tr>\n<td>N\u00ba de rota\u00e7\u00f5es em vazio*<\/td>\n<td>6.500 r.p.m.<\/td>\n<\/tr>\n<tr>\n<td>\u00d8 do disco<\/td>\n<td>230 mm<\/td>\n<\/tr>\n<tr>\n<td>Prato de lixar em borracha, \u00d8<\/td>\n<td>230 mm<\/td>\n<\/tr>\n<tr>\n<td>Catrabucha tipo tacho, \u00d8<\/td>\n<td>100 mm<\/td>\n<\/tr>\n<tr>\n<td>Peso*<\/td>\n<td>5,5 kg<\/td>\n<\/tr>\n<tr>\n<td>Interruptor<\/td>\n<td>Interruptor bloque\u00e1vel<\/td>\n<\/tr>\n<tr>\n<td>Dimens\u00f5es da embalagem (largura x comprimento x altura)<\/td>\n<td>725 x 1120 x 175 mm<\/td>\n<\/tr>\n<tr>\n<td>Tens\u00e3o, el\u00e9trica<\/td>\n<td>230 V<\/td>\n<\/tr>\n<\/tbody>\n<\/table>\n<table class=\"table\">\n<colgroup>\n<col class=\"col-xs-5\" \/>\n<col class=\"col-xs-3\" \/><\/colgroup>\n<thead>\n<tr>\n<th colspan=\"2\">\n<p class=\"headline headline__redesign--blue fs16 bsBold\"><strong>Valores totais de vibra\u00e7\u00e3o (Lixamento de superf\u00edcies (Desbastar))<\/strong><\/p>\n<\/th>\n<\/tr>\n<\/thead>\n<tbody>\n<tr>\n<td>Valor de emiss\u00e3o de vibra\u00e7\u00f5es ah<\/td>\n<td>5,5 m\/s\u00b2<\/td>\n<\/tr>\n<tr>\n<td>Incerteza K<\/td>\n<td>1,5 m\/s\u00b2<\/td>\n<\/tr>\n<\/tbody>\n<\/table>\n<table class=\"table\">\n<colgroup>\n<col class=\"col-xs-5\" \/>\n<col class=\"col-xs-3\" \/><\/colgroup>\n<thead>\n<tr>\n<th colspan=\"2\">\n<p class=\"headline headline__redesign--blue fs16 bsBold\">Valores totais de vibra\u00e7\u00e3o (Lixar com folha de lixa)<\/p>\n<\/th>\n<\/tr>\n<\/thead>\n<tbody>\n<tr>\n<td>Valor de emiss\u00e3o de vibra\u00e7\u00f5es ah<\/td>\n<td>2,5 m\/s\u00b2<\/td>\n<\/tr>\n<tr>\n<td>Incerteza K<\/td>\n<td>1,5 m\/s\u00b2<\/td>\n<\/tr>\n<\/tbody>\n<\/table>\n<table class=\"table\">\n<colgroup>\n<col class=\"col-xs-5\" \/>\n<col class=\"col-xs-3\" \/><\/colgroup>\n<thead>\n<tr>\n<th colspan=\"2\">\n<p class=\"headline headline__redesign--blue fs16 bsBold\"><strong>Informa\u00e7\u00f5es relativas ao ru\u00eddo e \u00e0s vibra\u00e7\u00f5es<\/strong><\/p>\n<\/th>\n<\/tr>\n<\/thead>\n<tbody>\n<tr>\n<td>N\u00edvel de press\u00e3o sonora<\/td>\n<td>104 dB(A)<\/td>\n<\/tr>\n<tr>\n<td>N\u00edvel de pot\u00eancia sonora<\/td>\n<td>93 dB(A)<\/td>\n<\/tr>\n<tr>\n<td>Incerteza K<\/td>\n<td>3 dB<\/td>\n<\/tr>\n<\/tbody>\n<\/table>\n<p class=\"\">O n\u00edvel sonoro da ferramenta el\u00e9ctrica classificado com A \u00e9 normalmente: n\u00edvel de press\u00e3o sonora 104 dB(A); n\u00edvel de pot\u00eancia sonora 93 dB(A). Incerteza K= 3 dB.<\/p>\n","protected":false},"excerpt":{"rendered":"<p class=\"product-detail-stage__headline\"><strong>Design robusto, desempenho s\u00f3lido \u2013 mais arranque suave e prote\u00e7\u00e3o contra rearranque involunt\u00e1rio<\/strong><\/p>\n<ul class=\"product-detail-stage__list a-list\">\n<li>Elevada capacidade de desbaste do novo motor de 2200 W permite resultados de corte convincentes<\/li>\n<li>Menor aquecimento de todo o sistema do motor e contacto melhorado entre o motor e as escovas de carv\u00e3o para maior vida \u00fatil<\/li>\n<li>Arranque suave e prote\u00e7\u00e3o contra rearranque involunt\u00e1rio para prote\u00e7\u00e3o aumentada do utilizador<\/li>\n<\/ul>\n","protected":false},"featured_media":32101,"template":"","meta":{"_eb_attr":"","_uag_custom_page_level_css":"","site-sidebar-layout":"default","site-content-layout":"default","ast-site-content-layout":"default","site-content-style":"default","site-sidebar-style":"default","ast-global-header-display":"","ast-banner-title-visibility":"","ast-main-header-display":"","ast-hfb-above-header-display":"","ast-hfb-below-header-display":"","ast-hfb-mobile-header-display":"","site-post-title":"","ast-breadcrumbs-content":"","ast-featured-img":"","footer-sml-layout":"","ast-disable-related-posts":"","theme-transparent-header-meta":"default","adv-header-id-meta":"","stick-header-meta":"default","header-above-stick-meta":"","header-main-stick-meta":"","header-below-stick-meta":"","astra-migrate-meta-layouts":"default","ast-page-background-enabled":"default","ast-page-background-meta":{"desktop":{"background-color":"","background-image":"","background-repeat":"repeat","background-position":"center center","background-size":"auto","background-attachment":"scroll","background-type":"","background-media":"","overlay-type":"","overlay-color":"","overlay-opacity":"","overlay-gradient":""},"tablet":{"background-color":"","background-image":"","background-repeat":"repeat","background-position":"center center","background-size":"auto","background-attachment":"scroll","background-type":"","background-media":"","overlay-type":"","overlay-color":"","overlay-opacity":"","overlay-gradient":""},"mobile":{"background-color":"","background-image":"","background-repeat":"repeat","background-position":"center center","background-size":"auto","background-attachment":"scroll","background-type":"","background-media":"","overlay-type":"","overlay-color":"","overlay-opacity":"","overlay-gradient":""}},"ast-content-background-meta":{"desktop":{"background-color":"var(--ast-global-color-5)","background-image":"","background-repeat":"repeat","background-position":"center center","background-size":"auto","background-attachment":"scroll","background-type":"","background-media":"","overlay-type":"","overlay-color":"","overlay-opacity":"","overlay-gradient":""},"tablet":{"background-color":"var(--ast-global-color-5)","background-image":"","background-repeat":"repeat","background-position":"center center","background-size":"auto","background-attachment":"scroll","background-type":"","background-media":"","overlay-type":"","overlay-color":"","overlay-opacity":"","overlay-gradient":""},"mobile":{"background-color":"var(--ast-global-color-5)","background-image":"","background-repeat":"repeat","background-position":"center center","background-size":"auto","background-attachment":"scroll","background-type":"","background-media":"","overlay-type":"","overlay-color":"","overlay-opacity":"","overlay-gradient":""}}},"product_brand":[],"product_cat":[6775,15,2578],"product_tag":[],"class_list":{"0":"post-32100","1":"product","2":"type-product","3":"status-publish","4":"has-post-thumbnail","6":"product_cat-ferramentas-eletricas","7":"product_cat-geral","8":"product_cat-ferramentas-e-acessorios","9":"desktop-align-center","10":"tablet-align-center","11":"mobile-align-center","12":"ast-product-gallery-layout-horizontal","13":"ast-product-gallery-with-no-image","14":"ast-product-tabs-layout-horizontal","16":"first","17":"onbackorder","18":"taxable","19":"shipping-taxable","20":"product-type-simple"},"acf":[],"yoast_head":"<!-- This site is optimized with the Yoast SEO plugin v27.2 - https:\/\/yoast.com\/product\/yoast-seo-wordpress\/ -->\n<title>Rebarbadora GWS 22-230J - MAQTOOL<\/title>\n<meta name=\"robots\" content=\"index, follow, max-snippet:-1, max-image-preview:large, max-video-preview:-1\" \/>\n<link rel=\"canonical\" href=\"https:\/\/maqtool.pt\/produto\/rebarbadora-gws-22-230j\/\" \/>\n<meta property=\"og:locale\" content=\"fr_FR\" \/>\n<meta property=\"og:type\" content=\"article\" \/>\n<meta property=\"og:title\" content=\"Rebarbadora GWS 22-230J - MAQTOOL\" \/>\n<meta property=\"og:description\" content=\"Design robusto, desempenho s\u00f3lido \u2013 mais arranque suave e prote\u00e7\u00e3o contra rearranque involunt\u00e1rio    Elevada capacidade de desbaste do novo motor de 2200 W permite resultados de corte convincentes  Menor aquecimento de todo o sistema do motor e contacto melhorado entre o motor e as escovas de carv\u00e3o para maior vida \u00fatil  Arranque suave e prote\u00e7\u00e3o contra rearranque involunt\u00e1rio para prote\u00e7\u00e3o aumentada do utilizador\" \/>\n<meta property=\"og:url\" content=\"https:\/\/maqtool.pt\/produto\/rebarbadora-gws-22-230j\/\" \/>\n<meta property=\"og:site_name\" content=\"MAQTOOL\" \/>\n<meta property=\"article:publisher\" content=\"https:\/\/www.facebook.com\/cobermaster\" \/>\n<meta property=\"article:modified_time\" content=\"2024-05-07T14:36:58+00:00\" \/>\n<meta property=\"og:image\" content=\"https:\/\/maqtool.pt\/wp-content\/uploads\/2023\/05\/MAQ-06018F4000-Rebarbadora-GWS-22-230J.jpg\" \/>\n\t<meta property=\"og:image:width\" content=\"800\" \/>\n\t<meta property=\"og:image:height\" content=\"800\" \/>\n\t<meta property=\"og:image:type\" content=\"image\/jpeg\" \/>\n<meta name=\"twitter:card\" content=\"summary_large_image\" \/>\n<meta name=\"twitter:label1\" content=\"Dur\u00e9e de lecture estim\u00e9e\" \/>\n\t<meta name=\"twitter:data1\" content=\"1 minute\" \/>\n<script type=\"application\/ld+json\" class=\"yoast-schema-graph\">{\"@context\":\"https:\/\/schema.org\",\"@graph\":[{\"@type\":\"WebPage\",\"@id\":\"https:\/\/maqtool.pt\/produto\/rebarbadora-gws-22-230j\/\",\"url\":\"https:\/\/maqtool.pt\/produto\/rebarbadora-gws-22-230j\/\",\"name\":\"Rebarbadora GWS 22-230J - MAQTOOL\",\"isPartOf\":{\"@id\":\"https:\/\/maqtool.pt\/#website\"},\"primaryImageOfPage\":{\"@id\":\"https:\/\/maqtool.pt\/produto\/rebarbadora-gws-22-230j\/#primaryimage\"},\"image\":{\"@id\":\"https:\/\/maqtool.pt\/produto\/rebarbadora-gws-22-230j\/#primaryimage\"},\"thumbnailUrl\":\"https:\/\/maqtool.pt\/wp-content\/uploads\/2023\/05\/MAQ-06018F4000-Rebarbadora-GWS-22-230J.jpg\",\"datePublished\":\"2023-05-30T13:40:51+00:00\",\"dateModified\":\"2024-05-07T14:36:58+00:00\",\"breadcrumb\":{\"@id\":\"https:\/\/maqtool.pt\/produto\/rebarbadora-gws-22-230j\/#breadcrumb\"},\"inLanguage\":\"fr-FR\",\"potentialAction\":[{\"@type\":\"ReadAction\",\"target\":[\"https:\/\/maqtool.pt\/produto\/rebarbadora-gws-22-230j\/\"]}]},{\"@type\":\"ImageObject\",\"inLanguage\":\"fr-FR\",\"@id\":\"https:\/\/maqtool.pt\/produto\/rebarbadora-gws-22-230j\/#primaryimage\",\"url\":\"https:\/\/maqtool.pt\/wp-content\/uploads\/2023\/05\/MAQ-06018F4000-Rebarbadora-GWS-22-230J.jpg\",\"contentUrl\":\"https:\/\/maqtool.pt\/wp-content\/uploads\/2023\/05\/MAQ-06018F4000-Rebarbadora-GWS-22-230J.jpg\",\"width\":800,\"height\":800},{\"@type\":\"BreadcrumbList\",\"@id\":\"https:\/\/maqtool.pt\/produto\/rebarbadora-gws-22-230j\/#breadcrumb\",\"itemListElement\":[{\"@type\":\"ListItem\",\"position\":1,\"name\":\"In\u00edcio\",\"item\":\"https:\/\/maqtool.pt\/fr\/home\/\"},{\"@type\":\"ListItem\",\"position\":2,\"name\":\"Produtos\",\"item\":\"https:\/\/maqtool.pt\/produtos\/\"},{\"@type\":\"ListItem\",\"position\":3,\"name\":\"Rebarbadora GWS 22-230J\"}]},{\"@type\":\"WebSite\",\"@id\":\"https:\/\/maqtool.pt\/#website\",\"url\":\"https:\/\/maqtool.pt\/\",\"name\":\"Cobermaster Industry\",\"description\":\"\",\"publisher\":{\"@id\":\"https:\/\/maqtool.pt\/#organization\"},\"potentialAction\":[{\"@type\":\"SearchAction\",\"target\":{\"@type\":\"EntryPoint\",\"urlTemplate\":\"https:\/\/maqtool.pt\/?s={search_term_string}\"},\"query-input\":{\"@type\":\"PropertyValueSpecification\",\"valueRequired\":true,\"valueName\":\"search_term_string\"}}],\"inLanguage\":\"fr-FR\"},{\"@type\":\"Organization\",\"@id\":\"https:\/\/maqtool.pt\/#organization\",\"name\":\"MAQTOOL\",\"url\":\"https:\/\/maqtool.pt\/\",\"logo\":{\"@type\":\"ImageObject\",\"inLanguage\":\"fr-FR\",\"@id\":\"https:\/\/maqtool.pt\/#\/schema\/logo\/image\/\",\"url\":\"https:\/\/maqtool.pt\/wp-content\/uploads\/2022\/09\/MAQTOOL-LOGO.jpg\",\"contentUrl\":\"https:\/\/maqtool.pt\/wp-content\/uploads\/2022\/09\/MAQTOOL-LOGO.jpg\",\"width\":762,\"height\":228,\"caption\":\"MAQTOOL\"},\"image\":{\"@id\":\"https:\/\/maqtool.pt\/#\/schema\/logo\/image\/\"},\"sameAs\":[\"https:\/\/www.facebook.com\/cobermaster\"]}]}<\/script>\n<!-- \/ Yoast SEO plugin. -->","yoast_head_json":{"title":"Rebarbadora GWS 22-230J - MAQTOOL","robots":{"index":"index","follow":"follow","max-snippet":"max-snippet:-1","max-image-preview":"max-image-preview:large","max-video-preview":"max-video-preview:-1"},"canonical":"https:\/\/maqtool.pt\/produto\/rebarbadora-gws-22-230j\/","og_locale":"fr_FR","og_type":"article","og_title":"Rebarbadora GWS 22-230J - MAQTOOL","og_description":"Design robusto, desempenho s\u00f3lido \u2013 mais arranque suave e prote\u00e7\u00e3o contra rearranque involunt\u00e1rio    Elevada capacidade de desbaste do novo motor de 2200 W permite resultados de corte convincentes  Menor aquecimento de todo o sistema do motor e contacto melhorado entre o motor e as escovas de carv\u00e3o para maior vida \u00fatil  Arranque suave e prote\u00e7\u00e3o contra rearranque involunt\u00e1rio para prote\u00e7\u00e3o aumentada do utilizador","og_url":"https:\/\/maqtool.pt\/produto\/rebarbadora-gws-22-230j\/","og_site_name":"MAQTOOL","article_publisher":"https:\/\/www.facebook.com\/cobermaster","article_modified_time":"2024-05-07T14:36:58+00:00","og_image":[{"width":800,"height":800,"url":"https:\/\/maqtool.pt\/wp-content\/uploads\/2023\/05\/MAQ-06018F4000-Rebarbadora-GWS-22-230J.jpg","type":"image\/jpeg"}],"twitter_card":"summary_large_image","twitter_misc":{"Dur\u00e9e de lecture estim\u00e9e":"1 minute"},"schema":{"@context":"https:\/\/schema.org","@graph":[{"@type":"WebPage","@id":"https:\/\/maqtool.pt\/produto\/rebarbadora-gws-22-230j\/","url":"https:\/\/maqtool.pt\/produto\/rebarbadora-gws-22-230j\/","name":"Rebarbadora GWS 22-230J - MAQTOOL","isPartOf":{"@id":"https:\/\/maqtool.pt\/#website"},"primaryImageOfPage":{"@id":"https:\/\/maqtool.pt\/produto\/rebarbadora-gws-22-230j\/#primaryimage"},"image":{"@id":"https:\/\/maqtool.pt\/produto\/rebarbadora-gws-22-230j\/#primaryimage"},"thumbnailUrl":"https:\/\/maqtool.pt\/wp-content\/uploads\/2023\/05\/MAQ-06018F4000-Rebarbadora-GWS-22-230J.jpg","datePublished":"2023-05-30T13:40:51+00:00","dateModified":"2024-05-07T14:36:58+00:00","breadcrumb":{"@id":"https:\/\/maqtool.pt\/produto\/rebarbadora-gws-22-230j\/#breadcrumb"},"inLanguage":"fr-FR","potentialAction":[{"@type":"ReadAction","target":["https:\/\/maqtool.pt\/produto\/rebarbadora-gws-22-230j\/"]}]},{"@type":"ImageObject","inLanguage":"fr-FR","@id":"https:\/\/maqtool.pt\/produto\/rebarbadora-gws-22-230j\/#primaryimage","url":"https:\/\/maqtool.pt\/wp-content\/uploads\/2023\/05\/MAQ-06018F4000-Rebarbadora-GWS-22-230J.jpg","contentUrl":"https:\/\/maqtool.pt\/wp-content\/uploads\/2023\/05\/MAQ-06018F4000-Rebarbadora-GWS-22-230J.jpg","width":800,"height":800},{"@type":"BreadcrumbList","@id":"https:\/\/maqtool.pt\/produto\/rebarbadora-gws-22-230j\/#breadcrumb","itemListElement":[{"@type":"ListItem","position":1,"name":"In\u00edcio","item":"https:\/\/maqtool.pt\/fr\/home\/"},{"@type":"ListItem","position":2,"name":"Produtos","item":"https:\/\/maqtool.pt\/produtos\/"},{"@type":"ListItem","position":3,"name":"Rebarbadora GWS 22-230J"}]},{"@type":"WebSite","@id":"https:\/\/maqtool.pt\/#website","url":"https:\/\/maqtool.pt\/","name":"Cobermaster Industry","description":"","publisher":{"@id":"https:\/\/maqtool.pt\/#organization"},"potentialAction":[{"@type":"SearchAction","target":{"@type":"EntryPoint","urlTemplate":"https:\/\/maqtool.pt\/?s={search_term_string}"},"query-input":{"@type":"PropertyValueSpecification","valueRequired":true,"valueName":"search_term_string"}}],"inLanguage":"fr-FR"},{"@type":"Organization","@id":"https:\/\/maqtool.pt\/#organization","name":"MAQTOOL","url":"https:\/\/maqtool.pt\/","logo":{"@type":"ImageObject","inLanguage":"fr-FR","@id":"https:\/\/maqtool.pt\/#\/schema\/logo\/image\/","url":"https:\/\/maqtool.pt\/wp-content\/uploads\/2022\/09\/MAQTOOL-LOGO.jpg","contentUrl":"https:\/\/maqtool.pt\/wp-content\/uploads\/2022\/09\/MAQTOOL-LOGO.jpg","width":762,"height":228,"caption":"MAQTOOL"},"image":{"@id":"https:\/\/maqtool.pt\/#\/schema\/logo\/image\/"},"sameAs":["https:\/\/www.facebook.com\/cobermaster"]}]}},"uagb_featured_image_src":{"full":["https:\/\/maqtool.pt\/wp-content\/uploads\/2023\/05\/MAQ-06018F4000-Rebarbadora-GWS-22-230J.jpg",800,800,false],"thumbnail":["https:\/\/maqtool.pt\/wp-content\/uploads\/2023\/05\/MAQ-06018F4000-Rebarbadora-GWS-22-230J-150x150.jpg",150,150,true],"medium":["https:\/\/maqtool.pt\/wp-content\/uploads\/2023\/05\/MAQ-06018F4000-Rebarbadora-GWS-22-230J-300x300.jpg",300,300,true],"medium_large":["https:\/\/maqtool.pt\/wp-content\/uploads\/2023\/05\/MAQ-06018F4000-Rebarbadora-GWS-22-230J-768x768.jpg",768,768,true],"large":["https:\/\/maqtool.pt\/wp-content\/uploads\/2023\/05\/MAQ-06018F4000-Rebarbadora-GWS-22-230J.jpg",800,800,false],"1536x1536":["https:\/\/maqtool.pt\/wp-content\/uploads\/2023\/05\/MAQ-06018F4000-Rebarbadora-GWS-22-230J.jpg",800,800,false],"2048x2048":["https:\/\/maqtool.pt\/wp-content\/uploads\/2023\/05\/MAQ-06018F4000-Rebarbadora-GWS-22-230J.jpg",800,800,false],"woocommerce_thumbnail":["https:\/\/maqtool.pt\/wp-content\/uploads\/2023\/05\/MAQ-06018F4000-Rebarbadora-GWS-22-230J-400x400.jpg",400,400,true],"woocommerce_single":["https:\/\/maqtool.pt\/wp-content\/uploads\/2023\/05\/MAQ-06018F4000-Rebarbadora-GWS-22-230J-600x600.jpg",600,600,true],"woocommerce_gallery_thumbnail":["https:\/\/maqtool.pt\/wp-content\/uploads\/2023\/05\/MAQ-06018F4000-Rebarbadora-GWS-22-230J-100x100.jpg",100,100,true]},"uagb_author_info":{"display_name":"Jo\u00e3o Santos","author_link":"https:\/\/maqtool.pt\/fr\/author\/"},"uagb_comment_info":0,"uagb_excerpt":"Design robusto, desempenho s\u00f3lido \u2013 mais arranque suave e prote\u00e7\u00e3o contra rearranque involunt\u00e1rio Elevada capacidade de desbaste do novo motor de 2200 W permite resultados de corte convincentes Menor aquecimento de todo o sistema do motor e contacto melhorado entre o motor e as escovas de carv\u00e3o para maior vida \u00fatil Arranque suave e prote\u00e7\u00e3o\u2026","_links":{"self":[{"href":"https:\/\/maqtool.pt\/fr\/wp-json\/wp\/v2\/product\/32100","targetHints":{"allow":["GET"]}}],"collection":[{"href":"https:\/\/maqtool.pt\/fr\/wp-json\/wp\/v2\/product"}],"about":[{"href":"https:\/\/maqtool.pt\/fr\/wp-json\/wp\/v2\/types\/product"}],"wp:featuredmedia":[{"embeddable":true,"href":"https:\/\/maqtool.pt\/fr\/wp-json\/wp\/v2\/media\/32101"}],"wp:attachment":[{"href":"https:\/\/maqtool.pt\/fr\/wp-json\/wp\/v2\/media?parent=32100"}],"wp:term":[{"taxonomy":"product_brand","embeddable":true,"href":"https:\/\/maqtool.pt\/fr\/wp-json\/wp\/v2\/product_brand?post=32100"},{"taxonomy":"product_cat","embeddable":true,"href":"https:\/\/maqtool.pt\/fr\/wp-json\/wp\/v2\/product_cat?post=32100"},{"taxonomy":"product_tag","embeddable":true,"href":"https:\/\/maqtool.pt\/fr\/wp-json\/wp\/v2\/product_tag?post=32100"}],"curies":[{"name":"wp","href":"https:\/\/api.w.org\/{rel}","templated":true}]}}