{"id":32125,"date":"2023-05-30T14:11:20","date_gmt":"2023-05-30T14:11:20","guid":{"rendered":"https:\/\/maqtool.pt\/?post_type=product&#038;p=32125"},"modified":"2024-05-07T14:36:57","modified_gmt":"2024-05-07T14:36:57","slug":"berbequim-c-percussao-v20","status":"publish","type":"product","link":"https:\/\/maqtool.pt\/fr\/produto\/berbequim-c-percussao-v20\/","title":{"rendered":"Berbequim c\/ Percuss\u00e3o V20"},"content":{"rendered":"<p><strong>Max. Torque:<\/strong> 50 Nm<br \/>\n<strong>Velocidade em vazio:<\/strong> 0-350\/1,500 Rpm<br \/>\n<strong>Bucha (mm):<\/strong> 13mm<br \/>\n<strong>Impactos por minuto (ipm):<\/strong> 5,950\/25,500<br \/>\n<strong>Profundidade:<\/strong> 33 cm<br \/>\n<strong>Altura:<\/strong> 31 cm<br \/>\n<strong>Largura:<\/strong> 12 cm<br \/>\n<strong>Di\u00e2metro m\u00e1ximo de perfura\u00e7\u00e3o de madeira:<\/strong> 35 mm<br \/>\n<strong>Di\u00e2metro m\u00e1ximo de perfura\u00e7\u00e3o do a\u00e7o:<\/strong> 13 mm<\/p>\n","protected":false},"excerpt":{"rendered":"<p>Motor com 2 velocidades para maior versatilidade em diferentes aplica\u00e7\u00f5es.<br \/>\nTorque m\u00e1ximo de 50Nm para tarefas exigentes de aparafusamento e perfura\u00e7\u00e3o.<br \/>\nBucha 13mm e 22 posi\u00e7\u00f5es de torque para maior controlo.<br \/>\nDesenho leve, compacto e ergon\u00f3mico.<br \/>\nLuz LED integrada.<\/p>\n<p>Inclui:<br \/>\n2 baterias V20 Li-Ion 18V 2Ah<\/p>\n<p>Set de 50 Acess\u00f3rios<\/p>\n<p>Carregador<\/p>\n<p>Saco de Transporte<\/p>\n","protected":false},"featured_media":32126,"template":"","meta":{"_eb_attr":"","_uag_custom_page_level_css":"","site-sidebar-layout":"default","site-content-layout":"default","ast-site-content-layout":"default","site-content-style":"default","site-sidebar-style":"default","ast-global-header-display":"","ast-banner-title-visibility":"","ast-main-header-display":"","ast-hfb-above-header-display":"","ast-hfb-below-header-display":"","ast-hfb-mobile-header-display":"","site-post-title":"","ast-breadcrumbs-content":"","ast-featured-img":"","footer-sml-layout":"","ast-disable-related-posts":"","theme-transparent-header-meta":"default","adv-header-id-meta":"","stick-header-meta":"default","header-above-stick-meta":"","header-main-stick-meta":"","header-below-stick-meta":"","astra-migrate-meta-layouts":"default","ast-page-background-enabled":"default","ast-page-background-meta":{"desktop":{"background-color":"","background-image":"","background-repeat":"repeat","background-position":"center center","background-size":"auto","background-attachment":"scroll","background-type":"","background-media":"","overlay-type":"","overlay-color":"","overlay-opacity":"","overlay-gradient":""},"tablet":{"background-color":"","background-image":"","background-repeat":"repeat","background-position":"center center","background-size":"auto","background-attachment":"scroll","background-type":"","background-media":"","overlay-type":"","overlay-color":"","overlay-opacity":"","overlay-gradient":""},"mobile":{"background-color":"","background-image":"","background-repeat":"repeat","background-position":"center center","background-size":"auto","background-attachment":"scroll","background-type":"","background-media":"","overlay-type":"","overlay-color":"","overlay-opacity":"","overlay-gradient":""}},"ast-content-background-meta":{"desktop":{"background-color":"var(--ast-global-color-5)","background-image":"","background-repeat":"repeat","background-position":"center center","background-size":"auto","background-attachment":"scroll","background-type":"","background-media":"","overlay-type":"","overlay-color":"","overlay-opacity":"","overlay-gradient":""},"tablet":{"background-color":"var(--ast-global-color-5)","background-image":"","background-repeat":"repeat","background-position":"center center","background-size":"auto","background-attachment":"scroll","background-type":"","background-media":"","overlay-type":"","overlay-color":"","overlay-opacity":"","overlay-gradient":""},"mobile":{"background-color":"var(--ast-global-color-5)","background-image":"","background-repeat":"repeat","background-position":"center center","background-size":"auto","background-attachment":"scroll","background-type":"","background-media":"","overlay-type":"","overlay-color":"","overlay-opacity":"","overlay-gradient":""}}},"product_brand":[],"product_cat":[6775,15,2578],"product_tag":[],"class_list":{"0":"post-32125","1":"product","2":"type-product","3":"status-publish","4":"has-post-thumbnail","6":"product_cat-ferramentas-eletricas","7":"product_cat-geral","8":"product_cat-ferramentas-e-acessorios","9":"desktop-align-center","10":"tablet-align-center","11":"mobile-align-center","12":"ast-product-gallery-layout-horizontal","13":"ast-product-gallery-with-no-image","14":"ast-product-tabs-layout-horizontal","16":"first","17":"onbackorder","18":"taxable","19":"shipping-taxable","20":"product-type-simple"},"acf":[],"yoast_head":"<!-- This site is optimized with the Yoast SEO plugin v27.2 - https:\/\/yoast.com\/product\/yoast-seo-wordpress\/ -->\n<title>Berbequim c\/ Percuss\u00e3o V20 - MAQTOOL<\/title>\n<meta name=\"robots\" content=\"index, follow, max-snippet:-1, max-image-preview:large, max-video-preview:-1\" \/>\n<link rel=\"canonical\" href=\"https:\/\/maqtool.pt\/produto\/berbequim-c-percussao-v20\/\" \/>\n<meta property=\"og:locale\" content=\"fr_FR\" \/>\n<meta property=\"og:type\" content=\"article\" \/>\n<meta property=\"og:title\" content=\"Berbequim c\/ Percuss\u00e3o V20 - MAQTOOL\" \/>\n<meta property=\"og:description\" content=\"Motor com 2 velocidades para maior versatilidade em diferentes aplica\u00e7\u00f5es. Torque m\u00e1ximo de 50Nm para tarefas exigentes de aparafusamento e perfura\u00e7\u00e3o. Bucha 13mm e 22 posi\u00e7\u00f5es de torque para maior controlo. Desenho leve, compacto e ergon\u00f3mico. Luz LED integrada.  Inclui: 2 baterias V20 Li-Ion 18V 2Ah  Set de 50 Acess\u00f3rios  Carregador  Saco de Transporte\" \/>\n<meta property=\"og:url\" content=\"https:\/\/maqtool.pt\/produto\/berbequim-c-percussao-v20\/\" \/>\n<meta property=\"og:site_name\" content=\"MAQTOOL\" \/>\n<meta property=\"article:publisher\" content=\"https:\/\/www.facebook.com\/cobermaster\" \/>\n<meta property=\"article:modified_time\" content=\"2024-05-07T14:36:57+00:00\" \/>\n<meta property=\"og:image\" content=\"https:\/\/maqtool.pt\/wp-content\/uploads\/2023\/05\/MAQ-SFMCD711DSA-QW-Berbequim-com-Percussao-V20.jpg\" \/>\n\t<meta property=\"og:image:width\" content=\"800\" \/>\n\t<meta property=\"og:image:height\" content=\"800\" \/>\n\t<meta property=\"og:image:type\" content=\"image\/jpeg\" \/>\n<meta name=\"twitter:card\" content=\"summary_large_image\" \/>\n<script type=\"application\/ld+json\" class=\"yoast-schema-graph\">{\"@context\":\"https:\/\/schema.org\",\"@graph\":[{\"@type\":\"WebPage\",\"@id\":\"https:\/\/maqtool.pt\/produto\/berbequim-c-percussao-v20\/\",\"url\":\"https:\/\/maqtool.pt\/produto\/berbequim-c-percussao-v20\/\",\"name\":\"Berbequim c\/ Percuss\u00e3o V20 - MAQTOOL\",\"isPartOf\":{\"@id\":\"https:\/\/maqtool.pt\/#website\"},\"primaryImageOfPage\":{\"@id\":\"https:\/\/maqtool.pt\/produto\/berbequim-c-percussao-v20\/#primaryimage\"},\"image\":{\"@id\":\"https:\/\/maqtool.pt\/produto\/berbequim-c-percussao-v20\/#primaryimage\"},\"thumbnailUrl\":\"https:\/\/maqtool.pt\/wp-content\/uploads\/2023\/05\/MAQ-SFMCD711DSA-QW-Berbequim-com-Percussao-V20.jpg\",\"datePublished\":\"2023-05-30T14:11:20+00:00\",\"dateModified\":\"2024-05-07T14:36:57+00:00\",\"breadcrumb\":{\"@id\":\"https:\/\/maqtool.pt\/produto\/berbequim-c-percussao-v20\/#breadcrumb\"},\"inLanguage\":\"fr-FR\",\"potentialAction\":[{\"@type\":\"ReadAction\",\"target\":[\"https:\/\/maqtool.pt\/produto\/berbequim-c-percussao-v20\/\"]}]},{\"@type\":\"ImageObject\",\"inLanguage\":\"fr-FR\",\"@id\":\"https:\/\/maqtool.pt\/produto\/berbequim-c-percussao-v20\/#primaryimage\",\"url\":\"https:\/\/maqtool.pt\/wp-content\/uploads\/2023\/05\/MAQ-SFMCD711DSA-QW-Berbequim-com-Percussao-V20.jpg\",\"contentUrl\":\"https:\/\/maqtool.pt\/wp-content\/uploads\/2023\/05\/MAQ-SFMCD711DSA-QW-Berbequim-com-Percussao-V20.jpg\",\"width\":800,\"height\":800},{\"@type\":\"BreadcrumbList\",\"@id\":\"https:\/\/maqtool.pt\/produto\/berbequim-c-percussao-v20\/#breadcrumb\",\"itemListElement\":[{\"@type\":\"ListItem\",\"position\":1,\"name\":\"In\u00edcio\",\"item\":\"https:\/\/maqtool.pt\/fr\/home\/\"},{\"@type\":\"ListItem\",\"position\":2,\"name\":\"Produtos\",\"item\":\"https:\/\/maqtool.pt\/produtos\/\"},{\"@type\":\"ListItem\",\"position\":3,\"name\":\"Berbequim c\/ Percuss\u00e3o V20\"}]},{\"@type\":\"WebSite\",\"@id\":\"https:\/\/maqtool.pt\/#website\",\"url\":\"https:\/\/maqtool.pt\/\",\"name\":\"Cobermaster Industry\",\"description\":\"\",\"publisher\":{\"@id\":\"https:\/\/maqtool.pt\/#organization\"},\"potentialAction\":[{\"@type\":\"SearchAction\",\"target\":{\"@type\":\"EntryPoint\",\"urlTemplate\":\"https:\/\/maqtool.pt\/?s={search_term_string}\"},\"query-input\":{\"@type\":\"PropertyValueSpecification\",\"valueRequired\":true,\"valueName\":\"search_term_string\"}}],\"inLanguage\":\"fr-FR\"},{\"@type\":\"Organization\",\"@id\":\"https:\/\/maqtool.pt\/#organization\",\"name\":\"MAQTOOL\",\"url\":\"https:\/\/maqtool.pt\/\",\"logo\":{\"@type\":\"ImageObject\",\"inLanguage\":\"fr-FR\",\"@id\":\"https:\/\/maqtool.pt\/#\/schema\/logo\/image\/\",\"url\":\"https:\/\/maqtool.pt\/wp-content\/uploads\/2022\/09\/MAQTOOL-LOGO.jpg\",\"contentUrl\":\"https:\/\/maqtool.pt\/wp-content\/uploads\/2022\/09\/MAQTOOL-LOGO.jpg\",\"width\":762,\"height\":228,\"caption\":\"MAQTOOL\"},\"image\":{\"@id\":\"https:\/\/maqtool.pt\/#\/schema\/logo\/image\/\"},\"sameAs\":[\"https:\/\/www.facebook.com\/cobermaster\"]}]}<\/script>\n<!-- \/ Yoast SEO plugin. -->","yoast_head_json":{"title":"Berbequim c\/ Percuss\u00e3o V20 - MAQTOOL","robots":{"index":"index","follow":"follow","max-snippet":"max-snippet:-1","max-image-preview":"max-image-preview:large","max-video-preview":"max-video-preview:-1"},"canonical":"https:\/\/maqtool.pt\/produto\/berbequim-c-percussao-v20\/","og_locale":"fr_FR","og_type":"article","og_title":"Berbequim c\/ Percuss\u00e3o V20 - MAQTOOL","og_description":"Motor com 2 velocidades para maior versatilidade em diferentes aplica\u00e7\u00f5es. Torque m\u00e1ximo de 50Nm para tarefas exigentes de aparafusamento e perfura\u00e7\u00e3o. Bucha 13mm e 22 posi\u00e7\u00f5es de torque para maior controlo. Desenho leve, compacto e ergon\u00f3mico. Luz LED integrada.  Inclui: 2 baterias V20 Li-Ion 18V 2Ah  Set de 50 Acess\u00f3rios  Carregador  Saco de Transporte","og_url":"https:\/\/maqtool.pt\/produto\/berbequim-c-percussao-v20\/","og_site_name":"MAQTOOL","article_publisher":"https:\/\/www.facebook.com\/cobermaster","article_modified_time":"2024-05-07T14:36:57+00:00","og_image":[{"width":800,"height":800,"url":"https:\/\/maqtool.pt\/wp-content\/uploads\/2023\/05\/MAQ-SFMCD711DSA-QW-Berbequim-com-Percussao-V20.jpg","type":"image\/jpeg"}],"twitter_card":"summary_large_image","schema":{"@context":"https:\/\/schema.org","@graph":[{"@type":"WebPage","@id":"https:\/\/maqtool.pt\/produto\/berbequim-c-percussao-v20\/","url":"https:\/\/maqtool.pt\/produto\/berbequim-c-percussao-v20\/","name":"Berbequim c\/ Percuss\u00e3o V20 - MAQTOOL","isPartOf":{"@id":"https:\/\/maqtool.pt\/#website"},"primaryImageOfPage":{"@id":"https:\/\/maqtool.pt\/produto\/berbequim-c-percussao-v20\/#primaryimage"},"image":{"@id":"https:\/\/maqtool.pt\/produto\/berbequim-c-percussao-v20\/#primaryimage"},"thumbnailUrl":"https:\/\/maqtool.pt\/wp-content\/uploads\/2023\/05\/MAQ-SFMCD711DSA-QW-Berbequim-com-Percussao-V20.jpg","datePublished":"2023-05-30T14:11:20+00:00","dateModified":"2024-05-07T14:36:57+00:00","breadcrumb":{"@id":"https:\/\/maqtool.pt\/produto\/berbequim-c-percussao-v20\/#breadcrumb"},"inLanguage":"fr-FR","potentialAction":[{"@type":"ReadAction","target":["https:\/\/maqtool.pt\/produto\/berbequim-c-percussao-v20\/"]}]},{"@type":"ImageObject","inLanguage":"fr-FR","@id":"https:\/\/maqtool.pt\/produto\/berbequim-c-percussao-v20\/#primaryimage","url":"https:\/\/maqtool.pt\/wp-content\/uploads\/2023\/05\/MAQ-SFMCD711DSA-QW-Berbequim-com-Percussao-V20.jpg","contentUrl":"https:\/\/maqtool.pt\/wp-content\/uploads\/2023\/05\/MAQ-SFMCD711DSA-QW-Berbequim-com-Percussao-V20.jpg","width":800,"height":800},{"@type":"BreadcrumbList","@id":"https:\/\/maqtool.pt\/produto\/berbequim-c-percussao-v20\/#breadcrumb","itemListElement":[{"@type":"ListItem","position":1,"name":"In\u00edcio","item":"https:\/\/maqtool.pt\/fr\/home\/"},{"@type":"ListItem","position":2,"name":"Produtos","item":"https:\/\/maqtool.pt\/produtos\/"},{"@type":"ListItem","position":3,"name":"Berbequim c\/ Percuss\u00e3o V20"}]},{"@type":"WebSite","@id":"https:\/\/maqtool.pt\/#website","url":"https:\/\/maqtool.pt\/","name":"Cobermaster Industry","description":"","publisher":{"@id":"https:\/\/maqtool.pt\/#organization"},"potentialAction":[{"@type":"SearchAction","target":{"@type":"EntryPoint","urlTemplate":"https:\/\/maqtool.pt\/?s={search_term_string}"},"query-input":{"@type":"PropertyValueSpecification","valueRequired":true,"valueName":"search_term_string"}}],"inLanguage":"fr-FR"},{"@type":"Organization","@id":"https:\/\/maqtool.pt\/#organization","name":"MAQTOOL","url":"https:\/\/maqtool.pt\/","logo":{"@type":"ImageObject","inLanguage":"fr-FR","@id":"https:\/\/maqtool.pt\/#\/schema\/logo\/image\/","url":"https:\/\/maqtool.pt\/wp-content\/uploads\/2022\/09\/MAQTOOL-LOGO.jpg","contentUrl":"https:\/\/maqtool.pt\/wp-content\/uploads\/2022\/09\/MAQTOOL-LOGO.jpg","width":762,"height":228,"caption":"MAQTOOL"},"image":{"@id":"https:\/\/maqtool.pt\/#\/schema\/logo\/image\/"},"sameAs":["https:\/\/www.facebook.com\/cobermaster"]}]}},"uagb_featured_image_src":{"full":["https:\/\/maqtool.pt\/wp-content\/uploads\/2023\/05\/MAQ-SFMCD711DSA-QW-Berbequim-com-Percussao-V20.jpg",800,800,false],"thumbnail":["https:\/\/maqtool.pt\/wp-content\/uploads\/2023\/05\/MAQ-SFMCD711DSA-QW-Berbequim-com-Percussao-V20-150x150.jpg",150,150,true],"medium":["https:\/\/maqtool.pt\/wp-content\/uploads\/2023\/05\/MAQ-SFMCD711DSA-QW-Berbequim-com-Percussao-V20-300x300.jpg",300,300,true],"medium_large":["https:\/\/maqtool.pt\/wp-content\/uploads\/2023\/05\/MAQ-SFMCD711DSA-QW-Berbequim-com-Percussao-V20-768x768.jpg",768,768,true],"large":["https:\/\/maqtool.pt\/wp-content\/uploads\/2023\/05\/MAQ-SFMCD711DSA-QW-Berbequim-com-Percussao-V20.jpg",800,800,false],"1536x1536":["https:\/\/maqtool.pt\/wp-content\/uploads\/2023\/05\/MAQ-SFMCD711DSA-QW-Berbequim-com-Percussao-V20.jpg",800,800,false],"2048x2048":["https:\/\/maqtool.pt\/wp-content\/uploads\/2023\/05\/MAQ-SFMCD711DSA-QW-Berbequim-com-Percussao-V20.jpg",800,800,false],"woocommerce_thumbnail":["https:\/\/maqtool.pt\/wp-content\/uploads\/2023\/05\/MAQ-SFMCD711DSA-QW-Berbequim-com-Percussao-V20-400x400.jpg",400,400,true],"woocommerce_single":["https:\/\/maqtool.pt\/wp-content\/uploads\/2023\/05\/MAQ-SFMCD711DSA-QW-Berbequim-com-Percussao-V20-600x600.jpg",600,600,true],"woocommerce_gallery_thumbnail":["https:\/\/maqtool.pt\/wp-content\/uploads\/2023\/05\/MAQ-SFMCD711DSA-QW-Berbequim-com-Percussao-V20-100x100.jpg",100,100,true]},"uagb_author_info":{"display_name":"Jo\u00e3o Santos","author_link":"https:\/\/maqtool.pt\/fr\/author\/"},"uagb_comment_info":0,"uagb_excerpt":"Motor com 2 velocidades para maior versatilidade em diferentes aplica\u00e7\u00f5es. Torque m\u00e1ximo de 50Nm para tarefas exigentes de aparafusamento e perfura\u00e7\u00e3o. Bucha 13mm e 22 posi\u00e7\u00f5es de torque para maior controlo. Desenho leve, compacto e ergon\u00f3mico. Luz LED integrada. Inclui: 2 baterias V20 Li-Ion 18V 2Ah Set de 50 Acess\u00f3rios Carregador Saco de Transporte","_links":{"self":[{"href":"https:\/\/maqtool.pt\/fr\/wp-json\/wp\/v2\/product\/32125","targetHints":{"allow":["GET"]}}],"collection":[{"href":"https:\/\/maqtool.pt\/fr\/wp-json\/wp\/v2\/product"}],"about":[{"href":"https:\/\/maqtool.pt\/fr\/wp-json\/wp\/v2\/types\/product"}],"wp:featuredmedia":[{"embeddable":true,"href":"https:\/\/maqtool.pt\/fr\/wp-json\/wp\/v2\/media\/32126"}],"wp:attachment":[{"href":"https:\/\/maqtool.pt\/fr\/wp-json\/wp\/v2\/media?parent=32125"}],"wp:term":[{"taxonomy":"product_brand","embeddable":true,"href":"https:\/\/maqtool.pt\/fr\/wp-json\/wp\/v2\/product_brand?post=32125"},{"taxonomy":"product_cat","embeddable":true,"href":"https:\/\/maqtool.pt\/fr\/wp-json\/wp\/v2\/product_cat?post=32125"},{"taxonomy":"product_tag","embeddable":true,"href":"https:\/\/maqtool.pt\/fr\/wp-json\/wp\/v2\/product_tag?post=32125"}],"curies":[{"name":"wp","href":"https:\/\/api.w.org\/{rel}","templated":true}]}}